{"id":1894,"date":"2026-05-03T05:20:01","date_gmt":"2026-05-03T05:20:01","guid":{"rendered":"https:\/\/makeartyourmind.pl\/?page_id=1894"},"modified":"2026-05-16T22:03:28","modified_gmt":"2026-05-16T22:03:28","slug":"polityka-prywatnosci","status":"publish","type":"page","link":"https:\/\/makeartyourmind.pl\/index.php\/polityka-prywatnosci\/","title":{"rendered":"Polityka prywatno\u015bci"},"content":{"rendered":"\t\t<div data-elementor-type=\"wp-page\" data-elementor-id=\"1894\" class=\"elementor elementor-1894\" data-elementor-post-type=\"page\">\n\t\t\t\t<div class=\"elementor-element elementor-element-7409e6e e-flex e-con-boxed e-con e-parent\" data-id=\"7409e6e\" data-element_type=\"container\" data-e-type=\"container\">\n\t\t\t\t\t<div class=\"e-con-inner\">\n\t\t\t\t<div class=\"elementor-element elementor-element-b5af01f elementor-widget elementor-widget-heading\" data-id=\"b5af01f\" data-element_type=\"widget\" data-e-type=\"widget\" data-widget_type=\"heading.default\">\n\t\t\t\t\t<h2 class=\"elementor-heading-title elementor-size-default\">Polityka Prywatno\u015bci<\/h2>\t\t\t\t<\/div>\n\t\t\t\t<div class=\"elementor-element elementor-element-b4f6e8d elementor-widget elementor-widget-text-editor\" data-id=\"b4f6e8d\" data-element_type=\"widget\" data-e-type=\"widget\" data-widget_type=\"text-editor.default\">\n\t\t\t\t\t\t\t\t\t<p>Zgodnie z art. 13 ust. 1 i 2 Rozporz\u0105dzenia Parlamentu<br \/>Europejskiego i Rady (UE) 2016\/679 z dnia 27 kwietnia<br \/>2016 r. (\u201eRODO\u201d) informuj\u0119, \u017ce:<\/p><p>Administratorem danych osobowych jest Make Art Your<br \/>Mind Paulina Was\u0105\u017cnik, z siedzib\u0105 ul. G\u0142\u00f3wna 43G\/6, NIP<br \/>7282673528.<\/p><p><br \/>Dane osobowe b\u0119d\u0105 przetwarzane w celu:<br \/>&#8211; realizacji uczestnictwa w Zaj\u0119ciach, zam\u00f3wie\u0144, prac artystycznych lub us\u0142ug,<br \/>&#8211; prowadzenia rozlicze\u0144 ksi\u0119gowych i podatkowych,<br \/>&#8211; kontaktu w sprawach zwi\u0105zanych z dzia\u0142alno\u015bci\u0105 pracowni.<br \/>Podstaw\u0105 prawn\u0105 przetwarzania jest:<br \/>&#8211; art. 6 ust. 1 lit. b RODO \u2013 niezb\u0119dno\u015b\u0107 do realizacji Zaj\u0119\u0107,<br \/>&#8211; art. 6 ust. 1 lit. c RODO \u2013 wype\u0142nienie obowi\u0105zk\u00f3w prawnych ci\u0105\u017c\u0105cych na administratorze,<br \/>&#8211; art. 6 ust. 1 lit. f RODO \u2013 prawnie uzasadniony interes administratora (np. dochodzenie<br \/>roszcze\u0144, bie\u017c\u0105ca komunikacja).<\/p><p><br \/>Dane osobowe mog\u0105 by\u0107 przekazywane podmiotom wspieraj\u0105cym dzia\u0142alno\u015b\u0107 administratora,<br \/>takim jak biuro rachunkowe, dostawcy us\u0142ug informatycznych, kurierzy\/poczta.<\/p><p>Dane osobowe b\u0119d\u0105 przechowywane przez okres realizacji Zaj\u0119\u0107, a nast\u0119pnie przez czas<br \/>wymagany przepisami prawa podatkowego i rachunkowego, a w przypadku danych<br \/>przetwarzanych na podstawie prawnie uzasadnionego interesu \u2013 do momentu wniesienia<br \/>skutecznego sprzeciwu.<\/p><p>Ka\u017cdej osobie, kt\u00f3rej dane dotycz\u0105, przys\u0142uguj\u0105 prawa: dost\u0119pu do tre\u015bci danych, sprostowania,<br \/>usuni\u0119cia, ograniczenia przetwarzania, przenoszenia danych, wniesienia sprzeciwu wobec<br \/>przetwarzania.<\/p><p><br \/>Osoba, kt\u00f3rej dane dotycz\u0105, ma prawo wniesienia skargi do Prezesa Urz\u0119du Ochrony Danych<br \/>Osobowych, je\u015bli uzna, \u017ce przetwarzanie jej danych narusza przepisy RODO.<\/p><p><br \/>Podanie danych osobowych jest dobrowolne, ale niezb\u0119dne do uczestnictwa i realizacji Zaj\u0119\u0107.<\/p>\t\t\t\t\t\t\t\t<\/div>\n\t\t\t\t\t<\/div>\n\t\t\t\t<\/div>\n\t\t\t\t<\/div>\n\t\t","protected":false},"excerpt":{"rendered":"<p>Polityka Prywatno\u015bci Zgodnie z art. 13 ust. 1 i 2 Rozporz\u0105dzenia ParlamentuEuropejskiego i Rady (UE) 2016\/679 z dnia 27 kwietnia2016 r. (\u201eRODO\u201d) informuj\u0119, \u017ce: Administratorem danych osobowych jest Make Art YourMind Paulina Was\u0105\u017cnik, z siedzib\u0105 ul. G\u0142\u00f3wna 43G\/6, NIP7282673528. Dane osobowe b\u0119d\u0105 przetwarzane w celu:&#8211; realizacji uczestnictwa w Zaj\u0119ciach, zam\u00f3wie\u0144, prac artystycznych lub us\u0142ug,&#8211; prowadzenia [&hellip;]<\/p>\n","protected":false},"author":1,"featured_media":0,"parent":0,"menu_order":0,"comment_status":"closed","ping_status":"closed","template":"","meta":{"footnotes":""},"class_list":["post-1894","page","type-page","status-publish","hentry"],"_links":{"self":[{"href":"https:\/\/makeartyourmind.pl\/index.php\/wp-json\/wp\/v2\/pages\/1894","targetHints":{"allow":["GET"]}}],"collection":[{"href":"https:\/\/makeartyourmind.pl\/index.php\/wp-json\/wp\/v2\/pages"}],"about":[{"href":"https:\/\/makeartyourmind.pl\/index.php\/wp-json\/wp\/v2\/types\/page"}],"author":[{"embeddable":true,"href":"https:\/\/makeartyourmind.pl\/index.php\/wp-json\/wp\/v2\/users\/1"}],"replies":[{"embeddable":true,"href":"https:\/\/makeartyourmind.pl\/index.php\/wp-json\/wp\/v2\/comments?post=1894"}],"version-history":[{"count":4,"href":"https:\/\/makeartyourmind.pl\/index.php\/wp-json\/wp\/v2\/pages\/1894\/revisions"}],"predecessor-version":[{"id":1898,"href":"https:\/\/makeartyourmind.pl\/index.php\/wp-json\/wp\/v2\/pages\/1894\/revisions\/1898"}],"wp:attachment":[{"href":"https:\/\/makeartyourmind.pl\/index.php\/wp-json\/wp\/v2\/media?parent=1894"}],"curies":[{"name":"wp","href":"https:\/\/api.w.org\/{rel}","templated":true}]}}