{"id":373,"date":"2026-04-10T08:16:01","date_gmt":"2026-04-10T08:16:01","guid":{"rendered":"https:\/\/makeartyourmind.pl\/?page_id=373"},"modified":"2026-05-16T22:02:22","modified_gmt":"2026-05-16T22:02:22","slug":"kontakt","status":"publish","type":"page","link":"https:\/\/makeartyourmind.pl\/index.php\/kontakt\/","title":{"rendered":"Kontakt"},"content":{"rendered":"\t\t<div data-elementor-type=\"wp-page\" data-elementor-id=\"373\" class=\"elementor elementor-373\" data-elementor-post-type=\"page\">\n\t\t\t\t<div class=\"elementor-element elementor-element-86c61f1 e-flex e-con-boxed e-con e-parent\" data-id=\"86c61f1\" data-element_type=\"container\" data-e-type=\"container\" data-settings=\"{&quot;background_background&quot;:&quot;classic&quot;}\">\n\t\t\t\t\t<div class=\"e-con-inner\">\n\t\t<div class=\"elementor-element elementor-element-1747820 e-con-full e-flex e-con e-child\" data-id=\"1747820\" data-element_type=\"container\" data-e-type=\"container\" data-settings=\"{&quot;background_background&quot;:&quot;classic&quot;}\">\n\t\t\t\t<div class=\"elementor-element elementor-element-e4d14ab elementor-widget__width-initial e-transform elementor-widget-mobile__width-initial elementor-invisible elementor-widget elementor-widget-heading\" data-id=\"e4d14ab\" data-element_type=\"widget\" data-e-type=\"widget\" data-settings=\"{&quot;_animation&quot;:&quot;fadeInDown&quot;,&quot;_transform_translateX_effect&quot;:{&quot;unit&quot;:&quot;px&quot;,&quot;size&quot;:&quot;&quot;,&quot;sizes&quot;:[]},&quot;_transform_translateX_effect_tablet&quot;:{&quot;unit&quot;:&quot;px&quot;,&quot;size&quot;:&quot;&quot;,&quot;sizes&quot;:[]},&quot;_transform_translateX_effect_mobile&quot;:{&quot;unit&quot;:&quot;px&quot;,&quot;size&quot;:&quot;&quot;,&quot;sizes&quot;:[]},&quot;_transform_translateY_effect&quot;:{&quot;unit&quot;:&quot;px&quot;,&quot;size&quot;:&quot;&quot;,&quot;sizes&quot;:[]},&quot;_transform_translateY_effect_tablet&quot;:{&quot;unit&quot;:&quot;px&quot;,&quot;size&quot;:&quot;&quot;,&quot;sizes&quot;:[]},&quot;_transform_translateY_effect_mobile&quot;:{&quot;unit&quot;:&quot;px&quot;,&quot;size&quot;:&quot;&quot;,&quot;sizes&quot;:[]}}\" data-widget_type=\"heading.default\">\n\t\t\t\t\t<h2 class=\"elementor-heading-title elementor-size-default\">Kontakt<\/h2>\t\t\t\t<\/div>\n\t\t\t\t<\/div>\n\t\t\t\t\t<\/div>\n\t\t\t\t<\/div>\n\t\t<div class=\"elementor-element elementor-element-0b5881c e-flex e-con-boxed e-con e-parent\" data-id=\"0b5881c\" data-element_type=\"container\" data-e-type=\"container\" data-settings=\"{&quot;background_background&quot;:&quot;classic&quot;}\">\n\t\t\t\t\t<div class=\"e-con-inner\">\n\t\t<div class=\"elementor-element elementor-element-e8eadb3 e-con-full e-flex e-con e-child\" data-id=\"e8eadb3\" data-element_type=\"container\" data-e-type=\"container\">\n\t\t\t\t<div class=\"elementor-element elementor-element-a4a8487 elementor-widget-mobile__width-initial elementor-widget__width-initial elementor-widget elementor-widget-heading\" data-id=\"a4a8487\" data-element_type=\"widget\" data-e-type=\"widget\" data-widget_type=\"heading.default\">\n\t\t\t\t\t<h2 class=\"elementor-heading-title elementor-size-default\">Jeste\u015b zainteresowany zaj\u0119ciami? <br> Skontaktuj si\u0119 z nami! <\/br><\/h2>\t\t\t\t<\/div>\n\t\t<div class=\"elementor-element elementor-element-3a1fd1f e-con-full e-flex e-con e-child\" data-id=\"3a1fd1f\" data-element_type=\"container\" data-e-type=\"container\">\n\t\t\t\t<div class=\"elementor-element elementor-element-c602d94 elementor-mobile-align-center elementor-widget__width-initial elementor-widget-mobile__width-initial elementor-widget elementor-widget-button\" data-id=\"c602d94\" data-element_type=\"widget\" data-e-type=\"widget\" data-widget_type=\"button.default\">\n\t\t\t\t\t\t\t\t\t\t<a class=\"elementor-button elementor-button-link elementor-size-sm\" href=\"tel:%20+48%20508%20161%20101\">\n\t\t\t\t\t\t<span class=\"elementor-button-content-wrapper\">\n\t\t\t\t\t\t<span class=\"elementor-button-icon\">\n\t\t\t\t<svg aria-hidden=\"true\" class=\"e-font-icon-svg e-fas-phone-alt\" viewBox=\"0 0 512 512\" xmlns=\"http:\/\/www.w3.org\/2000\/svg\"><path d=\"M497.39 361.8l-112-48a24 24 0 0 0-28 6.9l-49.6 60.6A370.66 370.66 0 0 1 130.6 204.11l60.6-49.6a23.94 23.94 0 0 0 6.9-28l-48-112A24.16 24.16 0 0 0 122.6.61l-104 24A24 24 0 0 0 0 48c0 256.5 207.9 464 464 464a24 24 0 0 0 23.4-18.6l24-104a24.29 24.29 0 0 0-14.01-27.6z\"><\/path><\/svg>\t\t\t<\/span>\n\t\t\t\t\t\t\t\t\t<span class=\"elementor-button-text\">+48 508 161 101<\/span>\n\t\t\t\t\t<\/span>\n\t\t\t\t\t<\/a>\n\t\t\t\t\t\t\t\t<\/div>\n\t\t\t\t<div class=\"elementor-element elementor-element-27d8f4b elementor-mobile-align-center elementor-widget__width-initial elementor-widget-mobile__width-initial elementor-widget elementor-widget-button\" data-id=\"27d8f4b\" data-element_type=\"widget\" data-e-type=\"widget\" data-widget_type=\"button.default\">\n\t\t\t\t\t\t\t\t\t\t<a class=\"elementor-button elementor-button-link elementor-size-sm\" href=\"mailto:%20kontakt@makeartyourmind.pl\">\n\t\t\t\t\t\t<span class=\"elementor-button-content-wrapper\">\n\t\t\t\t\t\t<span class=\"elementor-button-icon\">\n\t\t\t\t<svg xmlns=\"http:\/\/www.w3.org\/2000\/svg\" id=\"Layer_1\" height=\"512\" viewBox=\"0 0 512 512\" width=\"512\"><path d=\"m508.6 178-43.6-31v-74.8c0-4.4-3.6-8-8-8h-108.2c-.1-.1-.1-.1-.2-.2l-88-62.6c-2.8-2-6.5-2-9.3 0l-86.1 61.3c-.6.4-1.1.9-1.6 1.5h-108.6c-4.4 0-8 3.6-8 8v74.7l-43.6 31.1c-2.1 1.5-3.4 3.9-3.4 6.5v319.5c0 4.4 3.6 8 8 8h496c4.4 0 8-3.6 8-8v-319.5c0-2.6-1.2-5-3.4-6.5zm-492.6 22.1 173.7 124.1-173.7 163.2zm187 133.5 48 34.3c1.4 1 3 1.5 4.7 1.5 1.6 0 3.3-.5 4.6-1.5l48.6-34.6 172.8 162.7h-451.5zm119.2-9.7 173.8-123.7v287.2zm168.1-139.3-25.3 18v-36zm-234.3-166.8 65.2 46.4h-130.4zm193 62.4v133.8l-193.3 137.6-192.7-137.7v-133.7zm-402 122.3-25.2-18 25.2-17.9zm167.5 73.9c13.1 7.6 27.7 11.5 42.5 11.5 7.4 0 14.9-1 22.2-2.9 15.7-4.2 29.7-12.7 40.6-24.6 3-3.3 2.8-8.3-.5-11.3s-8.3-2.8-11.3.5c-8.9 9.6-20.3 16.5-33 19.9-17.9 4.8-36.5 2.3-52.6-6.9-16-9.3-27.5-24.2-32.3-42.1s-2.3-36.5 6.9-52.6c9.3-16 24.2-27.5 42.1-32.3 23.4-6.3 47.9-.1 65.6 16.6 20.6 19.5 25.6 46.2 11.9 63.6-6.5 8.2-22.6 18-28.4 15.9-1.7-.6-2.7-4.4-2.6-9.7l.9-57c.1-4.4-3.5-8.1-7.9-8.1h-.1c-3.7 0-6.8 2.5-7.7 5.9-8.6-4.1-18.5-5.2-28.1-2.6-10.5 2.8-19.2 9.5-24.6 18.9s-6.9 20.3-4.1 30.8 9.5 19.2 18.9 24.7c9.4 5.4 20.3 6.9 30.8 4.1 2.8-.7 5.4-1.8 7.9-3.1 2.6 6.7 7.1 9.8 11.2 11.3 2.2.8 4.5 1.1 6.9 1.1 15.4 0 33.5-14.7 39.5-22.2 9-11.4 12.7-26.2 10.4-41.8-2.4-15.9-10.6-30.9-23.8-43.4-21.8-20.6-52-28.2-80.8-20.5-22 5.9-40.4 20-51.8 39.7s-14.4 42.7-8.5 64.7c5.9 22.1 20 40.5 39.8 51.9zm55.1-58.8c-2.9 2.6-6.3 4.5-10.1 5.5-6.4 1.7-13 .8-18.7-2.5s-9.8-8.6-11.5-15c-1.7-6.3-.8-13 2.5-18.6 3.3-5.7 8.6-9.8 14.9-11.5 2.1-.6 4.3-.8 6.4-.8 6.3 0 12.4 2.4 17 6.9z\"><\/path><\/svg>\t\t\t<\/span>\n\t\t\t\t\t\t\t\t\t<span class=\"elementor-button-text\">kontakt@makeartyourmind.pl<\/span>\n\t\t\t\t\t<\/span>\n\t\t\t\t\t<\/a>\n\t\t\t\t\t\t\t\t<\/div>\n\t\t\t\t<\/div>\n\t\t<div class=\"elementor-element elementor-element-22cca70 e-con-full e-flex e-con e-child\" data-id=\"22cca70\" data-element_type=\"container\" data-e-type=\"container\">\n\t\t\t\t<div class=\"elementor-element elementor-element-23a46af elementor-position-inline-start elementor-widget__width-initial elementor-widget-mobile__width-initial elementor-view-default elementor-mobile-position-block-start elementor-widget elementor-widget-icon-box\" data-id=\"23a46af\" data-element_type=\"widget\" data-e-type=\"widget\" data-widget_type=\"icon-box.default\">\n\t\t\t\t\t\t\t<div class=\"elementor-icon-box-wrapper\">\n\n\t\t\t\t\t\t<div class=\"elementor-icon-box-icon\">\n\t\t\t\t<span  class=\"elementor-icon\">\n\t\t\t\t<svg aria-hidden=\"true\" class=\"e-font-icon-svg e-fas-home\" viewBox=\"0 0 576 512\" xmlns=\"http:\/\/www.w3.org\/2000\/svg\"><path d=\"M280.37 148.26L96 300.11V464a16 16 0 0 0 16 16l112.06-.29a16 16 0 0 0 15.92-16V368a16 16 0 0 1 16-16h64a16 16 0 0 1 16 16v95.64a16 16 0 0 0 16 16.05L464 480a16 16 0 0 0 16-16V300L295.67 148.26a12.19 12.19 0 0 0-15.3 0zM571.6 251.47L488 182.56V44.05a12 12 0 0 0-12-12h-56a12 12 0 0 0-12 12v72.61L318.47 43a48 48 0 0 0-61 0L4.34 251.47a12 12 0 0 0-1.6 16.9l25.5 31A12 12 0 0 0 45.15 301l235.22-193.74a12.19 12.19 0 0 1 15.3 0L530.9 301a12 12 0 0 0 16.9-1.6l25.5-31a12 12 0 0 0-1.7-16.93z\"><\/path><\/svg>\t\t\t\t<\/span>\n\t\t\t<\/div>\n\t\t\t\n\t\t\t\t\t\t<div class=\"elementor-icon-box-content\">\n\n\t\t\t\t\t\t\t\t\t<h3 class=\"elementor-icon-box-title\">\n\t\t\t\t\t\t<span  >\n\t\t\t\t\t\t\tAdres\t\t\t\t\t\t<\/span>\n\t\t\t\t\t<\/h3>\n\t\t\t\t\n\t\t\t\t\t\t\t\t\t<p class=\"elementor-icon-box-description\">\n\t\t\t\t\t\tul. G\u0142\u00f3wna 43G lok. 6,\n05-540 Ustan\u00f3w <br> \nLokal na pi\u0119trze <br \/> \t\t\t\t\t<\/p>\n\t\t\t\t\n\t\t\t<\/div>\n\t\t\t\n\t\t<\/div>\n\t\t\t\t\t\t<\/div>\n\t\t\t\t<\/div>\n\t\t\t\t<\/div>\n\t\t<div class=\"elementor-element elementor-element-c756c3d e-con-full e-flex elementor-invisible e-con e-child\" data-id=\"c756c3d\" data-element_type=\"container\" data-e-type=\"container\" data-settings=\"{&quot;background_background&quot;:&quot;classic&quot;,&quot;animation&quot;:&quot;fadeIn&quot;}\">\n\t\t\t\t<div class=\"elementor-element elementor-element-5ed113f elementor-widget-mobile__width-initial elementor-widget elementor-widget-heading\" data-id=\"5ed113f\" data-element_type=\"widget\" data-e-type=\"widget\" data-widget_type=\"heading.default\">\n\t\t\t\t\t<h2 class=\"elementor-heading-title elementor-size-default\">Wype\u0142nij formularz zg\u0142oszeniowy<\/h2>\t\t\t\t<\/div>\n\t\t\t\t<div class=\"elementor-element elementor-element-39cccf4 elementor-widget-mobile__width-initial elementor-widget elementor-widget-text-editor\" data-id=\"39cccf4\" data-element_type=\"widget\" data-e-type=\"widget\" data-widget_type=\"text-editor.default\">\n\t\t\t\t\t\t\t\t\t<p><strong>Odezwiemy si\u0119 najszybciej jak to mo\u017cliwe.\u00a0<\/strong><\/p>\t\t\t\t\t\t\t\t<\/div>\n\t\t\t\t<div class=\"elementor-element elementor-element-7309fde elementor-widget__width-initial elementor-button-align-stretch elementor-widget elementor-widget-form\" data-id=\"7309fde\" data-element_type=\"widget\" data-e-type=\"widget\" data-settings=\"{&quot;step_next_label&quot;:&quot;Next&quot;,&quot;step_previous_label&quot;:&quot;Previous&quot;,&quot;button_width&quot;:&quot;100&quot;,&quot;step_type&quot;:&quot;number_text&quot;,&quot;step_icon_shape&quot;:&quot;circle&quot;}\" data-widget_type=\"form.default\">\n\t\t\t\t\t\t\t<form class=\"elementor-form\" method=\"post\" name=\"New Form\" aria-label=\"New Form\">\n\t\t\t<input type=\"hidden\" name=\"post_id\" value=\"373\"\/>\n\t\t\t<input type=\"hidden\" name=\"form_id\" value=\"7309fde\"\/>\n\t\t\t<input type=\"hidden\" name=\"referer_title\" value=\"Kontakt\" \/>\n\n\t\t\t\t\t\t\t<input type=\"hidden\" name=\"queried_id\" value=\"373\"\/>\n\t\t\t\n\t\t\t<div class=\"elementor-form-fields-wrapper elementor-labels-above\">\n\t\t\t\t\t\t\t\t<div class=\"elementor-field-type-text elementor-field-group elementor-column elementor-field-group-name elementor-col-100 elementor-field-required\">\n\t\t\t\t\t\t\t\t\t\t\t\t<label for=\"form-field-name\" class=\"elementor-field-label\">\n\t\t\t\t\t\t\t\tImi\u0119 i nazwisko\t\t\t\t\t\t\t<\/label>\n\t\t\t\t\t\t\t\t\t\t\t\t\t\t<input size=\"1\" type=\"text\" name=\"form_fields[name]\" id=\"form-field-name\" class=\"elementor-field elementor-size-sm  elementor-field-textual\" required=\"required\">\n\t\t\t\t\t\t\t\t\t\t\t<\/div>\n\t\t\t\t\t\t\t\t<div class=\"elementor-field-type-tel elementor-field-group elementor-column elementor-field-group-field_5cbda13 elementor-col-100 elementor-field-required\">\n\t\t\t\t\t\t\t\t\t\t\t\t<label for=\"form-field-field_5cbda13\" class=\"elementor-field-label\">\n\t\t\t\t\t\t\t\tNumer telefonu\t\t\t\t\t\t\t<\/label>\n\t\t\t\t\t\t\t\t<input size=\"1\" type=\"tel\" name=\"form_fields[field_5cbda13]\" id=\"form-field-field_5cbda13\" class=\"elementor-field elementor-size-sm  elementor-field-textual\" required=\"required\" pattern=\"[0-9()#&amp;+*-=.]+\" title=\"Only numbers and phone characters (#, -, *, etc) are accepted.\">\n\n\t\t\t\t\t\t<\/div>\n\t\t\t\t\t\t\t\t<div class=\"elementor-field-type-email elementor-field-group elementor-column elementor-field-group-field_3a9c519 elementor-col-100 elementor-field-required\">\n\t\t\t\t\t\t\t\t\t\t\t\t<label for=\"form-field-field_3a9c519\" class=\"elementor-field-label\">\n\t\t\t\t\t\t\t\tAdres e-mail\t\t\t\t\t\t\t<\/label>\n\t\t\t\t\t\t\t\t\t\t\t\t\t\t<input size=\"1\" type=\"email\" name=\"form_fields[field_3a9c519]\" id=\"form-field-field_3a9c519\" class=\"elementor-field elementor-size-sm  elementor-field-textual\" required=\"required\">\n\t\t\t\t\t\t\t\t\t\t\t<\/div>\n\t\t\t\t\t\t\t\t<div class=\"elementor-field-type-select elementor-field-group elementor-column elementor-field-group-message elementor-col-100\">\n\t\t\t\t\t\t\t\t\t\t\t\t<label for=\"form-field-message\" class=\"elementor-field-label\">\n\t\t\t\t\t\t\t\tWybierz zaj\u0119cia, o kt\u00f3rych chcesz dowiedzie\u0107 si\u0119 wi\u0119cej\t\t\t\t\t\t\t<\/label>\n\t\t\t\t\t\t\t\t<div class=\"elementor-field elementor-select-wrapper remove-before \">\n\t\t\t<div class=\"select-caret-down-wrapper\">\n\t\t\t\t<svg aria-hidden=\"true\" class=\"e-font-icon-svg e-eicon-caret-down\" viewBox=\"0 0 571.4 571.4\" xmlns=\"http:\/\/www.w3.org\/2000\/svg\"><path d=\"M571 393Q571 407 561 418L311 668Q300 679 286 679T261 668L11 418Q0 407 0 393T11 368 36 357H536Q550 357 561 368T571 393Z\"><\/path><\/svg>\t\t\t<\/div>\n\t\t\t<select name=\"form_fields[message]\" id=\"form-field-message\" class=\"elementor-field-textual elementor-size-sm\">\n\t\t\t\t\t\t\t\t\t<option value=\"Chc\u0119 dowiedzie\u0107 si\u0119 wi\u0119cej\">Chc\u0119 dowiedzie\u0107 si\u0119 wi\u0119cej<\/option>\n\t\t\t\t\t\t\t\t\t<option value=\"zaj\u0119cia ART &amp; CRAFTS\">zaj\u0119cia ART &amp; CRAFTS<\/option>\n\t\t\t\t\t\t\t\t\t<option value=\"zaj\u0119cia ART LAB\">zaj\u0119cia ART LAB<\/option>\n\t\t\t\t\t\t\t\t\t<option value=\"zaj\u0119cia ART by STEP\">zaj\u0119cia ART by STEP<\/option>\n\t\t\t\t\t\t\t\t\t<option value=\"Arteterapia\">Arteterapia<\/option>\n\t\t\t\t\t\t\t\t\t<option value=\"Warsztaty\">Warsztaty<\/option>\n\t\t\t\t\t\t\t\t\t<option value=\"Warsztaty wakacyjne\">Warsztaty wakacyjne<\/option>\n\t\t\t\t\t\t\t\t\t<option value=\"Urodziny\">Urodziny<\/option>\n\t\t\t\t\t\t\t<\/select>\n\t\t<\/div>\n\t\t\t\t\t\t<\/div>\n\t\t\t\t\t\t\t\t<div class=\"elementor-field-type-checkbox elementor-field-group elementor-column elementor-field-group-field_4e03657 elementor-col-100\">\n\t\t\t\t\t\t\t\t\t\t\t\t<label for=\"form-field-field_4e03657\" class=\"elementor-field-label\">\n\t\t\t\t\t\t\t\t<label>   Akceptuj\u0119    <a href=\"https:\/\/makeartyourmind.pl\/wp-content\/uploads\/2026\/05\/ae849426-d22e-46ca-ac3f-8427185f1080.pdf\" target=\"_blank\" rel=\"noopener noreferrer\">     regulamin   <\/a>   i    <a href=\"https:\/\/makeartyourmind.pl\/wp-content\/uploads\/2026\/05\/d572ce7b-61e6-4924-8572-8dbde83e568c.pdf\" target=\"_blank\" rel=\"noopener noreferrer\">     polityk\u0119 prywatno\u015bci   <\/a> <\/label>\t\t\t\t\t\t\t<\/label>\n\t\t\t\t\t\t<div class=\"elementor-field-subgroup  \"><span class=\"elementor-field-option\"><input type=\"checkbox\" value=\"\" id=\"form-field-field_4e03657-0\" name=\"form_fields[field_4e03657]\"> <label for=\"form-field-field_4e03657-0\"><\/label><\/span><\/div>\t\t\t\t<\/div>\n\t\t\t\t\t\t\t\t<div class=\"elementor-field-group elementor-column elementor-field-type-submit elementor-col-100 e-form__buttons\">\n\t\t\t\t\t<button class=\"elementor-button elementor-size-sm\" type=\"submit\">\n\t\t\t\t\t\t<span class=\"elementor-button-content-wrapper\">\n\t\t\t\t\t\t\t\t\t\t\t\t\t\t\t\t\t\t\t\t\t\t<span class=\"elementor-button-text\">Wy\u015blij wiadomo\u015b\u0107<\/span>\n\t\t\t\t\t\t\t\t\t\t\t\t\t<\/span>\n\t\t\t\t\t<\/button>\n\t\t\t\t<\/div>\n\t\t\t<\/div>\n\t\t<\/form>\n\t\t\t\t\t\t<\/div>\n\t\t\t\t<\/div>\n\t\t\t\t\t<\/div>\n\t\t\t\t<\/div>\n\t\t\t\t<\/div>\n\t\t","protected":false},"excerpt":{"rendered":"<p>Kontakt Jeste\u015b zainteresowany zaj\u0119ciami? Skontaktuj si\u0119 z nami! +48 508 161 101 kontakt@makeartyourmind.pl Adres ul. G\u0142\u00f3wna 43G lok. 6, 05-540 Ustan\u00f3w Lokal na pi\u0119trze Wype\u0142nij formularz zg\u0142oszeniowy Odezwiemy si\u0119 najszybciej jak to mo\u017cliwe.\u00a0<\/p>\n","protected":false},"author":1,"featured_media":1465,"parent":0,"menu_order":0,"comment_status":"closed","ping_status":"closed","template":"","meta":{"footnotes":""},"class_list":["post-373","page","type-page","status-publish","has-post-thumbnail","hentry"],"_links":{"self":[{"href":"https:\/\/makeartyourmind.pl\/index.php\/wp-json\/wp\/v2\/pages\/373","targetHints":{"allow":["GET"]}}],"collection":[{"href":"https:\/\/makeartyourmind.pl\/index.php\/wp-json\/wp\/v2\/pages"}],"about":[{"href":"https:\/\/makeartyourmind.pl\/index.php\/wp-json\/wp\/v2\/types\/page"}],"author":[{"embeddable":true,"href":"https:\/\/makeartyourmind.pl\/index.php\/wp-json\/wp\/v2\/users\/1"}],"replies":[{"embeddable":true,"href":"https:\/\/makeartyourmind.pl\/index.php\/wp-json\/wp\/v2\/comments?post=373"}],"version-history":[{"count":146,"href":"https:\/\/makeartyourmind.pl\/index.php\/wp-json\/wp\/v2\/pages\/373\/revisions"}],"predecessor-version":[{"id":2980,"href":"https:\/\/makeartyourmind.pl\/index.php\/wp-json\/wp\/v2\/pages\/373\/revisions\/2980"}],"wp:featuredmedia":[{"embeddable":true,"href":"https:\/\/makeartyourmind.pl\/index.php\/wp-json\/wp\/v2\/media\/1465"}],"wp:attachment":[{"href":"https:\/\/makeartyourmind.pl\/index.php\/wp-json\/wp\/v2\/media?parent=373"}],"curies":[{"name":"wp","href":"https:\/\/api.w.org\/{rel}","templated":true}]}}